{"id":109,"date":"2024-10-17T21:21:53","date_gmt":"2024-10-17T19:21:53","guid":{"rendered":"https:\/\/monchauffeurspl.fr\/?post_type=product&#038;p=109"},"modified":"2025-07-11T03:30:47","modified_gmt":"2025-07-11T01:30:47","slug":"sophie-lambert","status":"publish","type":"product","link":"http:\/\/monchauffeurspl.fr\/produit\/sophie-lambert\/","title":{"rendered":"Sophie Lambert"},"content":{"rendered":"<p>Sophie assure des services de transport de v\u00e9hicules pour des concessions et particuliers. Elle est reconnue pour sa rigueur et son efficacit\u00e9.<\/p>\n","protected":false},"excerpt":{"rendered":"<p>Chauffeuse exp\u00e9riment\u00e9e, sp\u00e9cialis\u00e9e dans le transport de v\u00e9hicules l\u00e9gers et lourds.<\/p>\n","protected":false},"featured_media":0,"comment_status":"open","ping_status":"closed","template":"","meta":[],"product_brand":[],"product_cat":[15],"product_tag":[],"class_list":{"0":"post-109","1":"product","2":"type-product","3":"status-publish","5":"product_cat-non-classe","6":"pa_disponibilite-immediate","7":"pa_langues-parlees-francais","8":"pa_zone-dactivite-international","10":"first","11":"instock","12":"shipping-taxable","13":"product-type-simple"},"_links":{"self":[{"href":"http:\/\/monchauffeurspl.fr\/wp-json\/wp\/v2\/product\/109","targetHints":{"allow":["GET"]}}],"collection":[{"href":"http:\/\/monchauffeurspl.fr\/wp-json\/wp\/v2\/product"}],"about":[{"href":"http:\/\/monchauffeurspl.fr\/wp-json\/wp\/v2\/types\/product"}],"replies":[{"embeddable":true,"href":"http:\/\/monchauffeurspl.fr\/wp-json\/wp\/v2\/comments?post=109"}],"wp:attachment":[{"href":"http:\/\/monchauffeurspl.fr\/wp-json\/wp\/v2\/media?parent=109"}],"wp:term":[{"taxonomy":"product_brand","embeddable":true,"href":"http:\/\/monchauffeurspl.fr\/wp-json\/wp\/v2\/product_brand?post=109"},{"taxonomy":"product_cat","embeddable":true,"href":"http:\/\/monchauffeurspl.fr\/wp-json\/wp\/v2\/product_cat?post=109"},{"taxonomy":"product_tag","embeddable":true,"href":"http:\/\/monchauffeurspl.fr\/wp-json\/wp\/v2\/product_tag?post=109"}],"curies":[{"name":"wp","href":"https:\/\/api.w.org\/{rel}","templated":true}]}}